{"id":252,"date":"2025-02-25T07:31:35","date_gmt":"2025-02-25T06:31:35","guid":{"rendered":"https:\/\/www.petrsefara.cz\/?page_id=252"},"modified":"2025-06-30T10:01:30","modified_gmt":"2025-06-30T08:01:30","slug":"partneri","status":"publish","type":"page","link":"https:\/\/www.petrsefara.cz\/en\/partneri\/","title":{"rendered":"Partners"},"content":{"rendered":"<p>Quality services don't happen in a vacuum \u2013 they're built on great people and strong partners. Thanks to their support, I can offer professional climbing courses and unforgettable outdoor experiences. I truly value these partnerships and thank everyone who helps me do what I love even better.<\/p>\n\n\n\n<div class=\"wp-block-group alignfull has-background-background-color has-background has-global-padding is-layout-constrained wp-container-core-group-is-layout-7276a2bb wp-block-group-is-layout-constrained\" style=\"margin-top:0;margin-bottom:0;padding-top:var(--wp--preset--spacing--60);padding-right:var(--wp--preset--spacing--30);padding-bottom:var(--wp--preset--spacing--60);padding-left:var(--wp--preset--spacing--30)\">\n<div class=\"wp-block-columns alignwide is-layout-flex wp-container-core-columns-is-layout-08c01c1c wp-block-columns-is-layout-flex\">\n<div class=\"wp-block-column is-vertically-aligned-stretch is-layout-flow wp-block-column-is-layout-flow\">\n<figure class=\"wp-block-image size-full\"><a href=\"https:\/\/adrop.cz\/petr-sefara\"><img loading=\"lazy\" decoding=\"async\" width=\"751\" height=\"563\" src=\"https:\/\/www.petrsefara.cz\/wp-content\/uploads\/2025\/02\/adrop_cz_logo_dolni-vlnka_transparent-edited-1.png\" alt=\"\" class=\"wp-image-256\" srcset=\"https:\/\/www.petrsefara.cz\/wp-content\/uploads\/2025\/02\/adrop_cz_logo_dolni-vlnka_transparent-edited-1.png 751w, https:\/\/www.petrsefara.cz\/wp-content\/uploads\/2025\/02\/adrop_cz_logo_dolni-vlnka_transparent-edited-1-300x225.png 300w, https:\/\/www.petrsefara.cz\/wp-content\/uploads\/2025\/02\/adrop_cz_logo_dolni-vlnka_transparent-edited-1-600x450.png 600w\" sizes=\"auto, (max-width: 751px) 100vw, 751px\" \/><\/a><\/figure>\n<\/div>\n\n\n\n<div class=\"wp-block-column is-vertically-aligned-center is-layout-flow wp-block-column-is-layout-flow\">\n<h2 class=\"wp-block-heading\">ADROP.cz<\/h2>\n\n\n\n<p class=\"has-medium-font-size\" style=\"margin-top:16px\">Adrenaline? Fun? Relaxation? Adrop, an experience agency from Liberec, offers 800+ experiences. My partnership with Adrop.cz is a testament to the quality of my services \u2013 check out my reviews and the full range of climbing experiences I offer through them.<\/p>\n\n\n\n<div class=\"wp-block-buttons is-layout-flex wp-block-buttons-is-layout-flex\" style=\"margin-top:var(--wp--preset--spacing--40)\">\n<div class=\"wp-block-button\"><a class=\"wp-block-button__link wp-element-button\" href=\"https:\/\/adrop.cz\/petr-sefara\">Discover Unforgettable Climbing Experiences<\/a><\/div>\n<\/div>\n<\/div>\n<\/div>\n<\/div>\n\n\n\n<p><\/p>","protected":false},"excerpt":{"rendered":"<p>Kvalitn\u00ed slu\u017eby nevznikaj\u00ed ve vakuu \u2013 stoj\u00ed za nimi skv\u011bl\u00ed lid\u00e9 a siln\u00ed partne\u0159i. D\u00edky jejich podpo\u0159e mohu nab\u00edzet profesion\u00e1ln\u00ed lezeck\u00e9 kurzy i nezapomenuteln\u00e9 z\u00e1\u017eitky v p\u0159\u00edrod\u011b. Spolupr\u00e1ce si velmi v\u00e1\u017e\u00edm a d\u011bkuji v\u0161em, kte\u0159\u00ed mi pom\u00e1haj\u00ed d\u011blat to, co m\u011b bav\u00ed, je\u0161t\u011b l\u00e9pe. ADROP.cz Adrenalin? Z\u00e1bava? Relax? Z\u00e1\u017eitkovka Adrop z Liberce nab\u00edz\u00ed 800+ z\u00e1\u017eitk\u016f. [&hellip;]<\/p>","protected":false},"author":1,"featured_media":0,"parent":0,"menu_order":0,"comment_status":"closed","ping_status":"closed","template":"","meta":{"_monsterinsights_skip_tracking":false,"_monsterinsights_sitenote_active":false,"_monsterinsights_sitenote_note":"","_monsterinsights_sitenote_category":0,"footnotes":""},"class_list":["post-252","page","type-page","status-publish","hentry"],"aioseo_notices":[],"_links":{"self":[{"href":"https:\/\/www.petrsefara.cz\/en\/wp-json\/wp\/v2\/pages\/252","targetHints":{"allow":["GET"]}}],"collection":[{"href":"https:\/\/www.petrsefara.cz\/en\/wp-json\/wp\/v2\/pages"}],"about":[{"href":"https:\/\/www.petrsefara.cz\/en\/wp-json\/wp\/v2\/types\/page"}],"author":[{"embeddable":true,"href":"https:\/\/www.petrsefara.cz\/en\/wp-json\/wp\/v2\/users\/1"}],"replies":[{"embeddable":true,"href":"https:\/\/www.petrsefara.cz\/en\/wp-json\/wp\/v2\/comments?post=252"}],"version-history":[{"count":4,"href":"https:\/\/www.petrsefara.cz\/en\/wp-json\/wp\/v2\/pages\/252\/revisions"}],"predecessor-version":[{"id":275,"href":"https:\/\/www.petrsefara.cz\/en\/wp-json\/wp\/v2\/pages\/252\/revisions\/275"}],"wp:attachment":[{"href":"https:\/\/www.petrsefara.cz\/en\/wp-json\/wp\/v2\/media?parent=252"}],"curies":[{"name":"wp","href":"https:\/\/api.w.org\/{rel}","templated":true}]}}