{"id":20,"date":"2024-10-20T14:11:05","date_gmt":"2024-10-20T12:11:05","guid":{"rendered":"https:\/\/www.petrsefara.cz\/sluzby\/"},"modified":"2025-05-21T08:11:36","modified_gmt":"2025-05-21T06:11:36","slug":"sluzby","status":"publish","type":"page","link":"https:\/\/www.petrsefara.cz\/en\/sluzby\/","title":{"rendered":"Services"},"content":{"rendered":"<div class=\"wp-block-group alignfull has-background-background-color has-background has-global-padding is-layout-constrained wp-container-core-group-is-layout-864ebe9b wp-block-group-is-layout-constrained\" style=\"margin-top:0;margin-bottom:0;padding-top:0;padding-right:0;padding-bottom:0;padding-left:0\">\n<div class=\"wp-block-cover alignfull\" style=\"padding-top:0;padding-right:var(--wp--preset--spacing--30);padding-bottom:0;padding-left:var(--wp--preset--spacing--30);min-height:50px;aspect-ratio:unset;\"><img loading=\"lazy\" decoding=\"async\" width=\"1792\" height=\"1024\" class=\"wp-block-cover__image-background wp-image-105\" alt=\"\" src=\"https:\/\/www.petrsefara.cz\/wp-content\/uploads\/2024\/10\/DALL\u00b7E-2024-10-24-15.55.42-A-realistic-image-of-an-indoor-rock-climbing-wall-in-a-modern-gym-environment.-The-image-features-colorful-climbing-holds-attached-to-the-wall-showca.webp\" data-object-fit=\"cover\" srcset=\"https:\/\/www.petrsefara.cz\/wp-content\/uploads\/2024\/10\/DALL\u00b7E-2024-10-24-15.55.42-A-realistic-image-of-an-indoor-rock-climbing-wall-in-a-modern-gym-environment.-The-image-features-colorful-climbing-holds-attached-to-the-wall-showca.webp 1792w, https:\/\/www.petrsefara.cz\/wp-content\/uploads\/2024\/10\/DALL\u00b7E-2024-10-24-15.55.42-A-realistic-image-of-an-indoor-rock-climbing-wall-in-a-modern-gym-environment.-The-image-features-colorful-climbing-holds-attached-to-the-wall-showca-300x171.webp 300w, https:\/\/www.petrsefara.cz\/wp-content\/uploads\/2024\/10\/DALL\u00b7E-2024-10-24-15.55.42-A-realistic-image-of-an-indoor-rock-climbing-wall-in-a-modern-gym-environment.-The-image-features-colorful-climbing-holds-attached-to-the-wall-showca-1024x585.webp 1024w, https:\/\/www.petrsefara.cz\/wp-content\/uploads\/2024\/10\/DALL\u00b7E-2024-10-24-15.55.42-A-realistic-image-of-an-indoor-rock-climbing-wall-in-a-modern-gym-environment.-The-image-features-colorful-climbing-holds-attached-to-the-wall-showca-768x439.webp 768w, https:\/\/www.petrsefara.cz\/wp-content\/uploads\/2024\/10\/DALL\u00b7E-2024-10-24-15.55.42-A-realistic-image-of-an-indoor-rock-climbing-wall-in-a-modern-gym-environment.-The-image-features-colorful-climbing-holds-attached-to-the-wall-showca-1536x878.webp 1536w, https:\/\/www.petrsefara.cz\/wp-content\/uploads\/2024\/10\/DALL\u00b7E-2024-10-24-15.55.42-A-realistic-image-of-an-indoor-rock-climbing-wall-in-a-modern-gym-environment.-The-image-features-colorful-climbing-holds-attached-to-the-wall-showca-600x343.webp 600w\" sizes=\"auto, (max-width: 1792px) 100vw, 1792px\" \/><span aria-hidden=\"true\" class=\"wp-block-cover__background has-black-background-color has-background-dim-60 has-background-dim\"><\/span><div class=\"wp-block-cover__inner-container is-layout-flow wp-block-cover-is-layout-flow\">\n<div class=\"wp-block-group has-global-padding is-layout-constrained wp-block-group-is-layout-constrained\" style=\"padding-top:var(--wp--preset--spacing--60);padding-bottom:var(--wp--preset--spacing--60)\">\n<div class=\"wp-block-columns alignwide are-vertically-aligned-center is-layout-flex wp-container-core-columns-is-layout-947c9d80 wp-block-columns-is-layout-flex\">\n<div class=\"wp-block-column is-vertically-aligned-center is-layout-flow wp-block-column-is-layout-flow\">\n<h1 class=\"wp-block-heading has-text-color has-x-large-font-size\" style=\"color:#fffffffc\">Climbing Lessons <br>in Vyso\u010dina for Everyone<\/h1>\n<\/div>\n\n\n\n<div class=\"wp-block-column is-vertically-aligned-center is-layout-flow wp-block-column-is-layout-flow\">\n<p class=\"has-text-color\" style=\"color:#fffffffc\">Personal approach, experience, modern equipment<\/p>\n<\/div>\n<\/div>\n<\/div>\n<\/div><\/div>\n<\/div>\n\n\n\n<div class=\"wp-block-group alignfull has-tertiary-background-color has-background has-global-padding is-layout-constrained wp-container-core-group-is-layout-7276a2bb wp-block-group-is-layout-constrained\" id=\"sluzby\" style=\"margin-top:0;margin-bottom:0;padding-top:var(--wp--preset--spacing--60);padding-right:var(--wp--preset--spacing--30);padding-bottom:var(--wp--preset--spacing--60);padding-left:var(--wp--preset--spacing--30)\">\n<div class=\"wp-block-group alignwide has-global-padding is-content-justification-left is-layout-constrained wp-container-core-group-is-layout-8b4c372c wp-block-group-is-layout-constrained\">\n<h2 class=\"wp-block-heading has-large-font-size\">Private Climbing Lessons<\/h2>\n\n\n\n<p style=\"margin-top:16px\">We all have different physical and mental abilities, as well as different goals. That's why I offer private and group climbing lessons and programs that are always tailored to your needs and objectives. This is the only way climbing can bring you joy and meet your expectations. I usually meet my clients at indoor climbing walls in Nov\u00e9 M\u011bsto na Morav\u011b and Byst\u0159ice nad Pern\u0161tejnem.<\/p>\n<\/div>\n\n\n\n<div class=\"wp-block-columns alignwide is-layout-flex wp-container-core-columns-is-layout-28f84493 wp-block-columns-is-layout-flex\">\n<div class=\"wp-block-column is-layout-flow wp-block-column-is-layout-flow\" style=\"flex-basis:80%\">\n<div class=\"wp-block-columns alignwide is-layout-flex wp-container-core-columns-is-layout-28f84493 wp-block-columns-is-layout-flex\">\n<div class=\"wp-block-column has-background-background-color has-background is-layout-flow wp-block-column-is-layout-flow\" style=\"padding-top:1.5rem;padding-right:1.5rem;padding-bottom:1.5rem;padding-left:1.5rem\">\n<h3 class=\"wp-block-heading has-text-align-center\" style=\"font-size:clamp(14px, 0.875rem + ((1vw - 3.2px) * 0.625), 20px);line-height:1.5\">Climbing Training<\/h3>\n\n\n\n<p class=\"has-text-align-center\">Your first step into the world of climbing. Not sure if climbing is for you? Want to give it a try but don't have anyone around to help you get started? I'm here for you.<\/p>\n<\/div>\n\n\n\n<div class=\"wp-block-column has-background-background-color has-background is-layout-flow wp-block-column-is-layout-flow\" style=\"padding-top:1.5rem;padding-right:1.5rem;padding-bottom:1.5rem;padding-left:1.5rem\">\n<h3 class=\"wp-block-heading has-text-align-center\" style=\"font-size:clamp(14px, 0.875rem + ((1vw - 3.2px) * 0.625), 20px);line-height:1.5\">Private or Group Programs<\/h3>\n\n\n\n<p class=\"has-text-align-center has-small-font-size\" style=\"margin-top:8px\">Have you tried climbing before and want to refresh the basics? Unsure about proper technique and equipment handling? Then my 10-hour climbing program is the ideal choice for you.<\/p>\n<\/div>\n<\/div>\n\n\n\n<div class=\"wp-block-columns alignwide is-layout-flex wp-container-core-columns-is-layout-28f84493 wp-block-columns-is-layout-flex\">\n<div class=\"wp-block-column has-background-background-color has-background is-layout-flow wp-block-column-is-layout-flow\" style=\"padding-top:1.5rem;padding-right:1.5rem;padding-bottom:1.5rem;padding-left:1.5rem\">\n<h3 class=\"wp-block-heading has-text-align-center\" style=\"font-size:clamp(14px, 0.875rem + ((1vw - 3.2px) * 0.625), 20px);line-height:1.5\">Corporate Team Building<\/h3>\n\n\n\n<p class=\"has-small-font-size\" style=\"margin-top:8px\">A climbing wall exclusively for your team, experienced instructors, and a comprehensive climbing program with a schedule tailored to the goals of your event.<\/p>\n<\/div>\n\n\n\n<div class=\"wp-block-column has-background-background-color has-background is-layout-flow wp-block-column-is-layout-flow\" style=\"padding-top:1.5rem;padding-right:1.5rem;padding-bottom:1.5rem;padding-left:1.5rem\">\n<h3 style=\"font-size: 20px; line-height: 1.5; text-align: center;\">Gift Voucher<\/h3>\n<p>Give a unique experience to your loved ones \u2013 the perfect gift for anyone who's not afraid of new challenges.<\/p>\n<\/p>\n<\/div>\n<\/div>\n<\/div>\n\n\n\n<div class=\"wp-block-column is-vertically-aligned-center is-layout-flow wp-block-column-is-layout-flow\" style=\"flex-basis:50%\">\n<figure class=\"wp-block-image size-full\"><img loading=\"lazy\" decoding=\"async\" width=\"2560\" height=\"1707\" src=\"https:\/\/www.petrsefara.cz\/wp-content\/uploads\/2025\/01\/MM6_1897-scaled.jpg\" alt=\"\" class=\"wp-image-210\" style=\"object-fit:cover\" srcset=\"https:\/\/www.petrsefara.cz\/wp-content\/uploads\/2025\/01\/MM6_1897-scaled.jpg 2560w, https:\/\/www.petrsefara.cz\/wp-content\/uploads\/2025\/01\/MM6_1897-300x200.jpg 300w, https:\/\/www.petrsefara.cz\/wp-content\/uploads\/2025\/01\/MM6_1897-1024x683.jpg 1024w, https:\/\/www.petrsefara.cz\/wp-content\/uploads\/2025\/01\/MM6_1897-768x512.jpg 768w, https:\/\/www.petrsefara.cz\/wp-content\/uploads\/2025\/01\/MM6_1897-1536x1024.jpg 1536w, https:\/\/www.petrsefara.cz\/wp-content\/uploads\/2025\/01\/MM6_1897-2048x1365.jpg 2048w, https:\/\/www.petrsefara.cz\/wp-content\/uploads\/2025\/01\/MM6_1897-600x400.jpg 600w\" sizes=\"auto, (max-width: 2560px) 100vw, 2560px\" \/><\/figure>\n<\/div>\n<\/div>\n<\/div>\n\n\n\n<p><\/p>","protected":false},"excerpt":{"rendered":"<p>Individu\u00e1ln\u00ed Lezeck\u00e9 Lekce Ka\u017ed\u00fd m\u00e1me jin\u00e9 t\u011blesn\u00e9 i psychick\u00e9 dispozice i jin\u00e9 c\u00edle. Pr\u00e1v\u011b proto nab\u00edz\u00edm individu\u00e1ln\u00ed i skupinov\u00e9 lezeck\u00e9 lekce a programy, kter\u00e9 jsou v\u017edy p\u0159izp\u016fsoben\u00e9 va\u0161im pot\u0159eb\u00e1m a c\u00edl\u016fm. Jedin\u011b tak v\u00e1m lezen\u00ed p\u0159inese radost a spln\u00ed to, co vy sami o\u010dek\u00e1v\u00e1te. Se sv\u00fdmi klienty se nej\u010dast\u011bji potk\u00e1v\u00e1m na um\u011bl\u00fdch st\u011bn\u00e1ch v Nov\u00e9m [&hellip;]<\/p>","protected":false},"author":1,"featured_media":0,"parent":0,"menu_order":0,"comment_status":"closed","ping_status":"closed","template":"no-title","meta":{"_monsterinsights_skip_tracking":false,"_monsterinsights_sitenote_active":false,"_monsterinsights_sitenote_note":"","_monsterinsights_sitenote_category":0,"footnotes":""},"class_list":["post-20","page","type-page","status-publish","hentry"],"aioseo_notices":[],"_links":{"self":[{"href":"https:\/\/www.petrsefara.cz\/en\/wp-json\/wp\/v2\/pages\/20","targetHints":{"allow":["GET"]}}],"collection":[{"href":"https:\/\/www.petrsefara.cz\/en\/wp-json\/wp\/v2\/pages"}],"about":[{"href":"https:\/\/www.petrsefara.cz\/en\/wp-json\/wp\/v2\/types\/page"}],"author":[{"embeddable":true,"href":"https:\/\/www.petrsefara.cz\/en\/wp-json\/wp\/v2\/users\/1"}],"replies":[{"embeddable":true,"href":"https:\/\/www.petrsefara.cz\/en\/wp-json\/wp\/v2\/comments?post=20"}],"version-history":[{"count":10,"href":"https:\/\/www.petrsefara.cz\/en\/wp-json\/wp\/v2\/pages\/20\/revisions"}],"predecessor-version":[{"id":265,"href":"https:\/\/www.petrsefara.cz\/en\/wp-json\/wp\/v2\/pages\/20\/revisions\/265"}],"wp:attachment":[{"href":"https:\/\/www.petrsefara.cz\/en\/wp-json\/wp\/v2\/media?parent=20"}],"curies":[{"name":"wp","href":"https:\/\/api.w.org\/{rel}","templated":true}]}}