{"id":18,"date":"2024-10-20T14:11:02","date_gmt":"2024-10-20T12:11:02","guid":{"rendered":"https:\/\/www.petrsefara.cz\/kontakt\/"},"modified":"2024-10-24T07:19:11","modified_gmt":"2024-10-24T05:19:11","slug":"kontakt","status":"publish","type":"page","link":"https:\/\/www.petrsefara.cz\/en\/kontakt\/","title":{"rendered":"Contact"},"content":{"rendered":"<div class=\"wp-block-group alignfull has-background-background-color has-background has-global-padding is-layout-constrained wp-container-core-group-is-layout-864ebe9b wp-block-group-is-layout-constrained\" style=\"margin-top:0;margin-bottom:0;padding-top:0;padding-right:0;padding-bottom:0;padding-left:0\">\n<div class=\"wp-block-cover alignfull\" style=\"padding-top:0;padding-right:var(--wp--preset--spacing--30);padding-bottom:0;padding-left:var(--wp--preset--spacing--30);min-height:50px;aspect-ratio:unset;\"><span aria-hidden=\"true\" class=\"wp-block-cover__background has-black-background-color has-background-dim-60 has-background-dim\"><\/span><img loading=\"lazy\" decoding=\"async\" width=\"1792\" height=\"1024\" class=\"wp-block-cover__image-background wp-image-96\" alt=\"\" src=\"https:\/\/www.petrsefara.cz\/wp-content\/uploads\/2024\/10\/DALL\u00b7E-2024-10-22-07.40.42-A-realistic-image-depicting-an-indoor-rock-climbing-wall-in-a-modern-sports-hall.-The-scene-shows-various-climbing-holds-attached-to-the-wall-with-vib.webp\" data-object-fit=\"cover\" srcset=\"https:\/\/www.petrsefara.cz\/wp-content\/uploads\/2024\/10\/DALL\u00b7E-2024-10-22-07.40.42-A-realistic-image-depicting-an-indoor-rock-climbing-wall-in-a-modern-sports-hall.-The-scene-shows-various-climbing-holds-attached-to-the-wall-with-vib.webp 1792w, https:\/\/www.petrsefara.cz\/wp-content\/uploads\/2024\/10\/DALL\u00b7E-2024-10-22-07.40.42-A-realistic-image-depicting-an-indoor-rock-climbing-wall-in-a-modern-sports-hall.-The-scene-shows-various-climbing-holds-attached-to-the-wall-with-vib-300x171.webp 300w, https:\/\/www.petrsefara.cz\/wp-content\/uploads\/2024\/10\/DALL\u00b7E-2024-10-22-07.40.42-A-realistic-image-depicting-an-indoor-rock-climbing-wall-in-a-modern-sports-hall.-The-scene-shows-various-climbing-holds-attached-to-the-wall-with-vib-1024x585.webp 1024w, https:\/\/www.petrsefara.cz\/wp-content\/uploads\/2024\/10\/DALL\u00b7E-2024-10-22-07.40.42-A-realistic-image-depicting-an-indoor-rock-climbing-wall-in-a-modern-sports-hall.-The-scene-shows-various-climbing-holds-attached-to-the-wall-with-vib-768x439.webp 768w, https:\/\/www.petrsefara.cz\/wp-content\/uploads\/2024\/10\/DALL\u00b7E-2024-10-22-07.40.42-A-realistic-image-depicting-an-indoor-rock-climbing-wall-in-a-modern-sports-hall.-The-scene-shows-various-climbing-holds-attached-to-the-wall-with-vib-1536x878.webp 1536w, https:\/\/www.petrsefara.cz\/wp-content\/uploads\/2024\/10\/DALL\u00b7E-2024-10-22-07.40.42-A-realistic-image-depicting-an-indoor-rock-climbing-wall-in-a-modern-sports-hall.-The-scene-shows-various-climbing-holds-attached-to-the-wall-with-vib-600x343.webp 600w\" sizes=\"auto, (max-width: 1792px) 100vw, 1792px\" \/><div class=\"wp-block-cover__inner-container is-layout-flow wp-block-cover-is-layout-flow\">\n<div class=\"wp-block-group has-global-padding is-layout-constrained wp-block-group-is-layout-constrained\" style=\"padding-top:var(--wp--preset--spacing--60);padding-bottom:var(--wp--preset--spacing--60)\">\n<h1 class=\"wp-block-heading has-text-align-center has-text-color has-x-large-font-size\" style=\"color:#fffffffc\">Get a Custom Quote<\/h1>\n\n\n\n<div class=\"wp-block-columns alignwide are-vertically-aligned-center is-layout-flex wp-container-core-columns-is-layout-947c9d80 wp-block-columns-is-layout-flex\">\n<div class=\"wp-block-column is-vertically-aligned-center is-layout-flow wp-block-column-is-layout-flow\"><\/div>\n\n\n\n<div class=\"wp-block-column is-vertically-aligned-center is-layout-flow wp-block-column-is-layout-flow\"><\/div>\n<\/div>\n<\/div>\n<\/div><\/div>\n<\/div>\n\n\n\n<div class=\"wp-block-group alignfull has-tertiary-background-color has-background has-global-padding is-layout-constrained wp-container-core-group-is-layout-7276a2bb wp-block-group-is-layout-constrained\" id=\"kontakt\" style=\"margin-top:0;margin-bottom:0;padding-top:var(--wp--preset--spacing--60);padding-right:var(--wp--preset--spacing--30);padding-bottom:var(--wp--preset--spacing--60);padding-left:var(--wp--preset--spacing--30)\">\n<div class=\"wp-block-group has-global-padding is-layout-constrained wp-block-group-is-layout-constrained\" style=\"margin-bottom:var(--wp--preset--spacing--40)\">\n<h2 class=\"wp-block-heading has-text-align-center has-large-font-size\">I'm Here for You<\/h2>\n\n\n\n<p class=\"has-text-align-center\" style=\"margin-top:1rem\">Once I receive your message, I'll get in touch soon to discuss your needs and my offer. Together, we'll plan a custom climbing training that perfectly matches your requirements and goals. I look forward to working with you!<\/p>\n<\/div>\n\n\n<div class=\"wpforms-container wpforms-block wpforms-block-9afe8130-2d97-4b16-9810-df903f92a81c\" id=\"wpforms-16\"><form id=\"wpforms-form-16\" class=\"wpforms-validate wpforms-form wpforms-ajax-form\" data-formid=\"16\" method=\"post\" enctype=\"multipart\/form-data\" action=\"\/en\/wp-json\/wp\/v2\/pages\/18\" data-token=\"96b381d8d104fe1774df3f74676af390\" data-token-time=\"1777525665\" data-trp-original-action=\"\/en\/wp-json\/wp\/v2\/pages\/18\"><noscript class=\"wpforms-error-noscript\">Please enable JavaScript in your browser to complete this form.<\/noscript><div class=\"wpforms-field-container\"><div id=\"wpforms-16-field_1-container\" class=\"wpforms-field wpforms-field-name\" data-field-id=\"1\"><label class=\"wpforms-field-label\" for=\"wpforms-16-field_1\">Your Name <span class=\"wpforms-required-label\">*<\/span><\/label><input type=\"text\" id=\"wpforms-16-field_1\" class=\"wpforms-field-large wpforms-field-required\" name=\"wpforms[fields][1]\" required><\/div><div id=\"wpforms-16-field_2-container\" class=\"wpforms-field wpforms-field-email\" data-field-id=\"2\"><label class=\"wpforms-field-label\" for=\"wpforms-16-field_2\">Your Email  <span class=\"wpforms-required-label\">*<\/span><\/label><input type=\"email\" id=\"wpforms-16-field_2\" class=\"wpforms-field-large wpforms-field-required\" name=\"wpforms[fields][2]\" spellcheck=\"false\" required><\/div><div id=\"wpforms-16-field_3-container\" class=\"wpforms-field wpforms-field-text\" data-field-id=\"3\"><label class=\"wpforms-field-label\" for=\"wpforms-16-field_3\">Subject<\/label><input type=\"text\" id=\"wpforms-16-field_3\" class=\"wpforms-field-large\" name=\"wpforms[fields][3]\" ><\/div>\t\t<div id=\"wpforms-16-field_5-container\"\n\t\t\tclass=\"wpforms-field wpforms-field-text\"\n\t\t\tdata-field-type=\"text\"\n\t\t\tdata-field-id=\"5\"\n\t\t\t>\n\t\t\t<label class=\"wpforms-field-label\" for=\"wpforms-16-field_5\" >Zpr\u00e1va V\u00e1\u0161 <\/label>\n\t\t\t<input type=\"text\" id=\"wpforms-16-field_5\" class=\"wpforms-field-medium\" name=\"wpforms[fields][5]\" >\n\t\t<\/div>\n\t\t<div id=\"wpforms-16-field_4-container\" class=\"wpforms-field wpforms-field-textarea\" data-field-id=\"4\"><label class=\"wpforms-field-label\" for=\"wpforms-16-field_4\">Message <span class=\"wpforms-required-label\">*<\/span><\/label><textarea id=\"wpforms-16-field_4\" class=\"wpforms-field-large wpforms-field-required\" name=\"wpforms[fields][4]\" required><\/textarea><\/div><script>\n\t\t\t\t( function() {\n\t\t\t\t\tconst style = document.createElement( 'style' );\n\t\t\t\t\tstyle.appendChild( document.createTextNode( '#wpforms-16-field_5-container { position: absolute !important; overflow: hidden !important; display: inline !important; height: 1px !important; width: 1px !important; z-index: -1000 !important; padding: 0 !important; } #wpforms-16-field_5-container input { visibility: hidden; } #wpforms-conversational-form-page #wpforms-16-field_5-container label { counter-increment: none; }' ) );\n\t\t\t\t\tdocument.head.appendChild( style );\n\t\t\t\t\tdocument.currentScript?.remove();\n\t\t\t\t} )();\n\t\t\t<\/script><\/div><!-- .wpforms-field-container --><div class=\"wpforms-submit-container\" ><input type=\"hidden\" name=\"wpforms[id]\" value=\"16\"><input type=\"hidden\" name=\"page_title\" value=\"\"><input type=\"hidden\" name=\"page_url\" value=\"https:\/\/www.petrsefara.cz\/en\/wp-json\/wp\/v2\/pages\/18\"><input type=\"hidden\" name=\"url_referer\" value=\"\"><button type=\"submit\" name=\"wpforms[submit]\" id=\"wpforms-submit-16\" class=\"wpforms-submit\" data-alt-text=\"Odes\u00edl\u00e1ni...\" data-submit-text=\"Odeslat\" aria-live=\"assertive\" value=\"wpforms-submit\">Send<\/button><img loading=\"lazy\" decoding=\"async\" src=\"https:\/\/www.petrsefara.cz\/wp-content\/plugins\/wpforms-lite\/assets\/images\/submit-spin.svg\" class=\"wpforms-submit-spinner\" style=\"display: none;\" width=\"26\" height=\"26\" alt=\"Loading\"><\/div><input type=\"hidden\" name=\"trp-form-language\" value=\"en\"\/><\/form><\/div>  <!-- .wpforms-container --><\/div>\n\n\n\n<div class=\"wp-block-group alignfull has-tertiary-background-color has-background has-global-padding is-layout-constrained wp-container-core-group-is-layout-7276a2bb wp-block-group-is-layout-constrained\" style=\"margin-top:0;margin-bottom:0;padding-top:var(--wp--preset--spacing--60);padding-right:var(--wp--preset--spacing--30);padding-bottom:var(--wp--preset--spacing--60);padding-left:var(--wp--preset--spacing--30)\">\n<div class=\"wp-block-group alignwide has-background-background-color has-background is-content-justification-space-between is-layout-flex wp-container-core-group-is-layout-4be20cc5 wp-block-group-is-layout-flex\" style=\"padding-top:var(--wp--preset--spacing--50);padding-right:var(--wp--preset--spacing--50);padding-bottom:var(--wp--preset--spacing--50);padding-left:var(--wp--preset--spacing--50)\">\n<div class=\"wp-block-group has-global-padding is-layout-constrained wp-block-group-is-layout-constrained\">\n<h2 class=\"wp-block-heading has-large-font-size\">Together to the Top<\/h2>\n\n\n\n<p style=\"margin-top:16px\">Want to get into climbing and improve your fitness? You've already taken the first step! Discover how I can help you achieve your climbing goals. Together, we'll create a training plan tailored to your needs, whether you're a beginner or intermediate climber.<\/p>\n<\/div>\n\n\n\n<div class=\"wp-block-buttons is-content-justification-left is-layout-flex wp-container-core-buttons-is-layout-82056a45 wp-block-buttons-is-layout-flex\">\n<div class=\"wp-block-button\"><a class=\"wp-block-button__link wp-element-button\" href=\"\/en\/sluzby\/\">Reach the Top<\/a><\/div>\n<\/div>\n<\/div>\n<\/div>","protected":false},"excerpt":{"rendered":"<p>jsem tu pro v\u00e1s Jakmile obdr\u017e\u00edm va\u0161i zpr\u00e1vu, brzy se s v\u00e1mi spoj\u00edm, abychom si spole\u010dn\u011b ujasnili va\u0161e pot\u0159eby a mou nab\u00eddku. Spole\u010dn\u011b napl\u00e1nujeme lezeck\u00fd tr\u00e9nink na m\u00edru, kter\u00fd bude p\u0159esn\u011b odpov\u00eddat va\u0161im po\u017eadavk\u016fm a c\u00edl\u016fm. T\u011b\u0161\u00edm se na na\u0161i spolupr\u00e1ci! Spole\u010dn\u011b na vrchol Chcete se pustit do lezen\u00ed a zlep\u0161it svou kondici? Prvn\u00ed krok [&hellip;]<\/p>","protected":false},"author":1,"featured_media":0,"parent":0,"menu_order":0,"comment_status":"closed","ping_status":"closed","template":"no-title","meta":{"_monsterinsights_skip_tracking":false,"_monsterinsights_sitenote_active":false,"_monsterinsights_sitenote_note":"","_monsterinsights_sitenote_category":0,"footnotes":""},"class_list":["post-18","page","type-page","status-publish","hentry"],"aioseo_notices":[],"_links":{"self":[{"href":"https:\/\/www.petrsefara.cz\/en\/wp-json\/wp\/v2\/pages\/18","targetHints":{"allow":["GET"]}}],"collection":[{"href":"https:\/\/www.petrsefara.cz\/en\/wp-json\/wp\/v2\/pages"}],"about":[{"href":"https:\/\/www.petrsefara.cz\/en\/wp-json\/wp\/v2\/types\/page"}],"author":[{"embeddable":true,"href":"https:\/\/www.petrsefara.cz\/en\/wp-json\/wp\/v2\/users\/1"}],"replies":[{"embeddable":true,"href":"https:\/\/www.petrsefara.cz\/en\/wp-json\/wp\/v2\/comments?post=18"}],"version-history":[{"count":7,"href":"https:\/\/www.petrsefara.cz\/en\/wp-json\/wp\/v2\/pages\/18\/revisions"}],"predecessor-version":[{"id":103,"href":"https:\/\/www.petrsefara.cz\/en\/wp-json\/wp\/v2\/pages\/18\/revisions\/103"}],"wp:attachment":[{"href":"https:\/\/www.petrsefara.cz\/en\/wp-json\/wp\/v2\/media?parent=18"}],"curies":[{"name":"wp","href":"https:\/\/api.w.org\/{rel}","templated":true}]}}